{"id":10,"date":"2014-05-17T07:32:02","date_gmt":"2014-05-17T06:32:02","guid":{"rendered":"http:\/\/eglisebethelduvar.fr\/?page_id=10"},"modified":"2014-05-23T08:10:11","modified_gmt":"2014-05-23T07:10:11","slug":"temoignages","status":"publish","type":"page","link":"https:\/\/eglisebethelduvar.fr\/?page_id=10","title":{"rendered":"T\u00e9moignages"},"content":{"rendered":"<h1 style=\"font-weight: normal;\"><\/h1>\n<h2 style=\"font-weight: normal;\"><span style=\"color: #010158;\"><a href=\"http:\/\/eglisebethelduvar.fr\/?page_id=105\">Une source de b\u00e9n\u00e9diction<\/a><\/span><\/h2>\n<p>&nbsp;<\/p>\n<h2><span style=\"color: #010158;\"><a href=\"http:\/\/eglisebethelduvar.fr\/?page_id=110\">Timoth\u00e9e<\/a><\/span><\/h2>\n<p>&nbsp;<\/p>\n","protected":false},"excerpt":{"rendered":"<p>Une source de b\u00e9n\u00e9diction &nbsp; Timoth\u00e9e &nbsp;<\/p>\n","protected":false},"author":1,"featured_media":0,"parent":0,"menu_order":0,"comment_status":"closed","ping_status":"closed","template":"","meta":[],"_links":{"self":[{"href":"https:\/\/eglisebethelduvar.fr\/index.php?rest_route=\/wp\/v2\/pages\/10"}],"collection":[{"href":"https:\/\/eglisebethelduvar.fr\/index.php?rest_route=\/wp\/v2\/pages"}],"about":[{"href":"https:\/\/eglisebethelduvar.fr\/index.php?rest_route=\/wp\/v2\/types\/page"}],"author":[{"embeddable":true,"href":"https:\/\/eglisebethelduvar.fr\/index.php?rest_route=\/wp\/v2\/users\/1"}],"replies":[{"embeddable":true,"href":"https:\/\/eglisebethelduvar.fr\/index.php?rest_route=%2Fwp%2Fv2%2Fcomments&post=10"}],"version-history":[{"count":12,"href":"https:\/\/eglisebethelduvar.fr\/index.php?rest_route=\/wp\/v2\/pages\/10\/revisions"}],"predecessor-version":[{"id":138,"href":"https:\/\/eglisebethelduvar.fr\/index.php?rest_route=\/wp\/v2\/pages\/10\/revisions\/138"}],"wp:attachment":[{"href":"https:\/\/eglisebethelduvar.fr\/index.php?rest_route=%2Fwp%2Fv2%2Fmedia&parent=10"}],"curies":[{"name":"wp","href":"https:\/\/api.w.org\/{rel}","templated":true}]}}