{"id":105,"date":"2014-05-22T14:40:23","date_gmt":"2014-05-22T13:40:23","guid":{"rendered":"http:\/\/eglisebethelduvar.fr\/?page_id=105"},"modified":"2014-05-22T14:52:39","modified_gmt":"2014-05-22T13:52:39","slug":"une-source-de-benediction","status":"publish","type":"page","link":"https:\/\/eglisebethelduvar.fr\/?page_id=105","title":{"rendered":"Une source de b\u00e9n\u00e9diction"},"content":{"rendered":"<p>\u00ab\u00a0Francky est ce que l&rsquo;on pourrait qualifier \u00ab\u00a0un homme de Dieu\u00a0\u00bb qui s&rsquo;efforce de suivre avec droiture les recommandations de la parole de vie: la Bible. Son amour pour sa femme et ses enfants, son sens de la responsabilit\u00e9 de sa famille sont un r\u00e9el exemple.<br \/>\nC&rsquo;est certes un homme, un pasteur, un mari, mais pour moi c&rsquo;est un ami, et plus encore: un fr\u00e8re en qui j&rsquo;ai confiance.<br \/>\nEn effet dans des circonstances mat\u00e9rielles difficiles (vols, incendie&#8230;) il m&rsquo;a d\u00e9j\u00e0 \u00e9t\u00e9 un pr\u00e9cieux soutien de par son m\u00e9tier d&rsquo;assureur. Mais bien plus encore, durant le cancer de celle qui fut mon \u00e9pouse, et pendant ma phase de deuil qui s&rsquo;en est h\u00e9las suivie (*), il a su \u00eatre un soutien spirituel tr\u00e8s important pour moi, et je sais que ce n&rsquo;est pas fini !<br \/>\nNous habitons \u00e0 plus de 800 Km, mais comme nous faisons partie de la m\u00eame grande et belle famille spirituelle, toute cette distance n&rsquo;est rien gr\u00e2ce \u00e0 l&rsquo;amour de Dieu manifest\u00e9 en J\u00e9sus Christ notre Seigneur et Sauveur.<br \/>\nEt ce qu&rsquo;il y a de bien dans tout \u00e7a, c&rsquo;est que j&rsquo;ai d\u00e9j\u00e0 \u00e9t\u00e9 aussi moi-m\u00eame aussi une source de b\u00e9n\u00e9diction pour Francky.<br \/>\n<strong style=\"font-weight: bold; color: #000000;\">Fred G\u00a0\u00bb le 27.03.2011 dept67<\/strong><\/p>\n","protected":false},"excerpt":{"rendered":"<p>\u00ab\u00a0Francky est ce que l&rsquo;on pourrait qualifier \u00ab\u00a0un homme de Dieu\u00a0\u00bb qui s&rsquo;efforce de suivre avec droiture les recommandations de la parole de vie: la Bible. Son amour pour sa femme et ses enfants, son sens de la responsabilit\u00e9 de &hellip; <a href=\"https:\/\/eglisebethelduvar.fr\/?page_id=105\">Continuer la lecture <span class=\"meta-nav\">&rarr;<\/span><\/a><\/p>\n","protected":false},"author":1,"featured_media":0,"parent":0,"menu_order":0,"comment_status":"closed","ping_status":"closed","template":"","meta":[],"_links":{"self":[{"href":"https:\/\/eglisebethelduvar.fr\/index.php?rest_route=\/wp\/v2\/pages\/105"}],"collection":[{"href":"https:\/\/eglisebethelduvar.fr\/index.php?rest_route=\/wp\/v2\/pages"}],"about":[{"href":"https:\/\/eglisebethelduvar.fr\/index.php?rest_route=\/wp\/v2\/types\/page"}],"author":[{"embeddable":true,"href":"https:\/\/eglisebethelduvar.fr\/index.php?rest_route=\/wp\/v2\/users\/1"}],"replies":[{"embeddable":true,"href":"https:\/\/eglisebethelduvar.fr\/index.php?rest_route=%2Fwp%2Fv2%2Fcomments&post=105"}],"version-history":[{"count":2,"href":"https:\/\/eglisebethelduvar.fr\/index.php?rest_route=\/wp\/v2\/pages\/105\/revisions"}],"predecessor-version":[{"id":107,"href":"https:\/\/eglisebethelduvar.fr\/index.php?rest_route=\/wp\/v2\/pages\/105\/revisions\/107"}],"wp:attachment":[{"href":"https:\/\/eglisebethelduvar.fr\/index.php?rest_route=%2Fwp%2Fv2%2Fmedia&parent=105"}],"curies":[{"name":"wp","href":"https:\/\/api.w.org\/{rel}","templated":true}]}}