{"id":126,"date":"2014-05-23T07:07:15","date_gmt":"2014-05-23T06:07:15","guid":{"rendered":"http:\/\/eglisebethelduvar.fr\/?page_id=126"},"modified":"2014-05-23T07:17:35","modified_gmt":"2014-05-23T06:17:35","slug":"divers","status":"publish","type":"page","link":"https:\/\/eglisebethelduvar.fr\/?page_id=126","title":{"rendered":"Divers"},"content":{"rendered":"<h1><\/h1>\n<h2><a title=\"G\u00e9n\u00e8se de l\u2019Eglise\" href=\"http:\/\/eglisebethelduvar.fr\/?page_id=129\"><span style=\"color: #010158;\">G\u00e9n\u00e8se de l&rsquo;Eglise, comment tout a commenc\u00e9&#8230;<\/span><\/a><\/h2>\n<p>&nbsp;<\/p>\n","protected":false},"excerpt":{"rendered":"<p>G\u00e9n\u00e8se de l&rsquo;Eglise, comment tout a commenc\u00e9&#8230; &nbsp;<\/p>\n","protected":false},"author":1,"featured_media":0,"parent":0,"menu_order":0,"comment_status":"closed","ping_status":"closed","template":"","meta":[],"_links":{"self":[{"href":"https:\/\/eglisebethelduvar.fr\/index.php?rest_route=\/wp\/v2\/pages\/126"}],"collection":[{"href":"https:\/\/eglisebethelduvar.fr\/index.php?rest_route=\/wp\/v2\/pages"}],"about":[{"href":"https:\/\/eglisebethelduvar.fr\/index.php?rest_route=\/wp\/v2\/types\/page"}],"author":[{"embeddable":true,"href":"https:\/\/eglisebethelduvar.fr\/index.php?rest_route=\/wp\/v2\/users\/1"}],"replies":[{"embeddable":true,"href":"https:\/\/eglisebethelduvar.fr\/index.php?rest_route=%2Fwp%2Fv2%2Fcomments&post=126"}],"version-history":[{"count":4,"href":"https:\/\/eglisebethelduvar.fr\/index.php?rest_route=\/wp\/v2\/pages\/126\/revisions"}],"predecessor-version":[{"id":155,"href":"https:\/\/eglisebethelduvar.fr\/index.php?rest_route=\/wp\/v2\/pages\/126\/revisions\/155"}],"wp:attachment":[{"href":"https:\/\/eglisebethelduvar.fr\/index.php?rest_route=%2Fwp%2Fv2%2Fmedia&parent=126"}],"curies":[{"name":"wp","href":"https:\/\/api.w.org\/{rel}","templated":true}]}}