{"id":129,"date":"2014-05-23T07:12:40","date_gmt":"2014-05-23T06:12:40","guid":{"rendered":"http:\/\/eglisebethelduvar.fr\/?page_id=129"},"modified":"2014-05-23T08:02:57","modified_gmt":"2014-05-23T07:02:57","slug":"genese-de-leglise","status":"publish","type":"page","link":"https:\/\/eglisebethelduvar.fr\/?page_id=129","title":{"rendered":"G\u00e9n\u00e8se de l&rsquo;Eglise"},"content":{"rendered":"<p>Comment tout a commenc\u00e9, t\u00e9moignage du Pasteur Francky Febvay (toulon 83) R\u00e9dig\u00e9 \u00e0 N\u00e9oules et \u00e0 Toulon, entre le 20 Ao\u00fbt 2009 et le 28\/03\/2011.<\/p>\n<p>Romains 8:37\u00a0 Mais dans toutes ces choses nous sommes plus que vainqueurs par celui qui nous a aim\u00e9s.<\/p>\n<p>Eph\u00e9siens 3:21\u00a0 \u00e0 lui soit la gloire dans l\u2019Eglise et en J\u00e9sus\u2013Christ, dans toutes les g\u00e9n\u00e9rations, aux si\u00e8cles des si\u00e8cles ! Amen !<\/p>\n<p>Nous voulons \u00e0 travers ces quelques lignes glorifier le Seigneur et Ma\u00eetre de nos vies ; sans Lui nous serions encore errants dans nos p\u00e9ch\u00e9s.Le Seigneur a frapp\u00e9 \u00e0 la porte de mon c\u0153ur au printemps 1978, lors de la sortie du film du r\u00e9alisateur Franco Zefirelli (J\u00e9sus de Nazareth). Puis de nouveau en 1987. Enfin Il me permet de le suivre pleinement depuis janvier 1994.<\/p>\n<p>Pour lire la suite , merci de nous la demander par mail :\u00a0<a href=\"mailto:eglisebethelduvar@orange.fr\">eglisebethelduvar@orange.fr<\/a><br \/>\n<strong>Pasteur\u00a0 francky febvay<\/strong><\/p>\n","protected":false},"excerpt":{"rendered":"<p>Comment tout a commenc\u00e9, t\u00e9moignage du Pasteur Francky Febvay (toulon 83) R\u00e9dig\u00e9 \u00e0 N\u00e9oules et \u00e0 Toulon, entre le 20 Ao\u00fbt 2009 et le 28\/03\/2011. Romains 8:37\u00a0 Mais dans toutes ces choses nous sommes plus que vainqueurs par celui qui &hellip; <a href=\"https:\/\/eglisebethelduvar.fr\/?page_id=129\">Continuer la lecture <span class=\"meta-nav\">&rarr;<\/span><\/a><\/p>\n","protected":false},"author":1,"featured_media":0,"parent":0,"menu_order":0,"comment_status":"closed","ping_status":"closed","template":"onecolumn-page.php","meta":[],"_links":{"self":[{"href":"https:\/\/eglisebethelduvar.fr\/index.php?rest_route=\/wp\/v2\/pages\/129"}],"collection":[{"href":"https:\/\/eglisebethelduvar.fr\/index.php?rest_route=\/wp\/v2\/pages"}],"about":[{"href":"https:\/\/eglisebethelduvar.fr\/index.php?rest_route=\/wp\/v2\/types\/page"}],"author":[{"embeddable":true,"href":"https:\/\/eglisebethelduvar.fr\/index.php?rest_route=\/wp\/v2\/users\/1"}],"replies":[{"embeddable":true,"href":"https:\/\/eglisebethelduvar.fr\/index.php?rest_route=%2Fwp%2Fv2%2Fcomments&post=129"}],"version-history":[{"count":2,"href":"https:\/\/eglisebethelduvar.fr\/index.php?rest_route=\/wp\/v2\/pages\/129\/revisions"}],"predecessor-version":[{"id":136,"href":"https:\/\/eglisebethelduvar.fr\/index.php?rest_route=\/wp\/v2\/pages\/129\/revisions\/136"}],"wp:attachment":[{"href":"https:\/\/eglisebethelduvar.fr\/index.php?rest_route=%2Fwp%2Fv2%2Fmedia&parent=129"}],"curies":[{"name":"wp","href":"https:\/\/api.w.org\/{rel}","templated":true}]}}