{"id":143,"date":"2014-05-26T15:44:35","date_gmt":"2014-05-26T14:44:35","guid":{"rendered":"http:\/\/eglisebethelduvar.fr\/?page_id=143"},"modified":"2014-05-26T15:53:59","modified_gmt":"2014-05-26T14:53:59","slug":"pourquoi-cette-charte","status":"publish","type":"page","link":"https:\/\/eglisebethelduvar.fr\/?page_id=143","title":{"rendered":"Vision"},"content":{"rendered":"<p><strong>Pourquoi cette charte ?<\/strong><\/p>\n<p><strong style=\"font-weight: bold; color: #000000;\">Pour avertir\u00a0:<\/strong>\u00a0 adh\u00e9rer \u00e0 une Eglise est une d\u00e9cision importante qui doit \u00eatre m\u00fbrement r\u00e9fl\u00e9chie et prise dans la pri\u00e8re, \u00a0librement devant Dieu et devant les hommes. (Selon Luc 14v 28\u00a0: S\u2019asseoir et calculer \u00e0 la d\u00e9pense avant de prendre une d\u00e9cision).<\/p>\n<p><strong style=\"font-weight: bold; color: #000000;\">Poser un but\u00a0:<\/strong>\u00a0\u00a0\u00e0 l\u2019heure des derniers temps ( lire 1 Ti 4v 1&amp;2) nous voulons appliquer les commandements de J\u00e9sus (lire Mat 28v 19 &amp; 20, Mc16 v15 \u00e0 20)\u00a0: faire des disciples, les enseigner, mais \u00e9galement vivre les dons de l\u2019Esprit et les miracles promis par le Christ dans sa parole, ainsi que\u00a0le reste de la bible.<\/p>\n<p><strong style=\"font-weight: bold; color: #000000;\">Mettre en place la vision\u00a0:<\/strong><strong style=\"font-weight: bold; color: #000000;\">\u00a0\u00a0<\/strong>\u00e0 travers J\u00e9 6v 16 (retrouvez les anciens sentiers et les vivre tout \u00e0 nouveau), l\u2019\u00e9glise de B\u00e9thel a la volont\u00e9 de mettre en place une assembl\u00e9e \u00a0voulant vivre au plus pr\u00e8s des \u00e9critures, vivre la foi pleine et enti\u00e8re en Christ\u00a0; \u00a0et ayant l\u2019assurance qu\u2019il est possible de \u00a0mettre en place la libert\u00e9 du Seigneur, mais dans la discipline.<\/p>\n<p><strong style=\"font-weight: bold; color: #000000;\">\u00a0<\/strong><\/p>\n<p><strong style=\"font-weight: bold; color: #000000;\">Vous impliquer\u00a0:\u00a0<\/strong><strong style=\"font-weight: bold; color: #000000;\">\u00a0<\/strong>en effet, venir dans une assembl\u00e9e chr\u00e9tienne comporte\u00a0:<\/p>\n<p>&#8211;\u00a0 des avantages<\/p>\n<p>&#8211; \u00a0des obligations<\/p>\n<p>&#8211; \u00a0et des droits<\/p>\n<p>&#8211; avantages\u00a0: \u00a0ne pas vivre seul sa vie de chr\u00e9tien (incompatible avec les \u00e9crits bibliques),\u00a0 mais \u00a0avec d\u2019 autres membres du corps de Christ, une vie de foi chr\u00e9tienne\u00a0; \u00a0recevoir des enseignements qui permettent d\u2019aller vers la victoire en Christ. Recevoir \u00e0 travers la vie d\u2019\u00e9glise des amis, de l\u2019aide (pri\u00e8re, suivi \u00e0 la demande, soutien morale et tant d\u2019autres choses&#8230;).<\/p>\n<p>&#8211; Obligations\u00a0: apprendre ensemble \u00e0 vivre en soci\u00e9t\u00e9, sociabiliser et discipliner les enfants, reprendre le bon chemin quand cela est n\u00e9cessaire. Profiter pleinement de la vie d\u2019\u00e9glise en appliquant et en \u00a0vivant pour soi et pour les autres un r\u00e8glement int\u00e9rieur d\u00e9fini. Avoir, pour soi et pour les autres, la discipline qui convient \u00e0 des saints sauv\u00e9s par Christ et d\u00e9velopper \u00e0 l\u2019int\u00e9rieur comme \u00e0 l\u2019ext\u00e9rieur (travail, soci\u00e9t\u00e9&#8230;) \u00a0un t\u00e9moignage coh\u00e9rent et probant tel que d\u00e9fini dans les \u00e9critures (la bible).<\/p>\n<p>Droits\u00a0: le droit au respect de tous, \u00e0 l\u2019amour de tous, \u00e0 la consid\u00e9ration et \u00e0 l\u2019\u00e9coute de tous. Le droit de participer \u00e0 l\u2019avancement de l\u2019assembl\u00e9e et servir selon sa capacit\u00e9 et les t\u00e2ches confi\u00e9es par l\u2019\u00e9glise individuellement et \/ ou collectivement.<\/p>\n<p>Nous insistons sur le fait que l\u2019\u00e9glise de B\u00e9thel du Var \u00a0propose la possibilit\u00e9\u00a0 et donne le droit de devenir membre. Ceci n\u2019est en aucun cas une obligation (les visiteurs sont donc les bienvenus, ainsi que les minist\u00e8res av\u00e9r\u00e9s de passage, invit\u00e9s par les responsables en place).<\/p>\n<p>Vous pouvez \u00a0d\u00e9cider librement et sans contrainte de devenir un membre de l\u2019\u00e9glise, ceci en signant \u00a0la charte et le r\u00e8glement int\u00e9rieur. Pour les personnes en visite, il convient bien entendu de mettre en pratique et de respecter le r\u00e8glement int\u00e9rieur lors de leur passage.<\/p>\n<p>La d\u00e9mission d\u2019un membre est absolument libre, sans pr\u00e9avis, sans justification et sans d\u00e9lais. Il suffit de remettre au pasteur (ou par la poste ou m\u00eame par mail) \u00a0sur papier libre une lettre de d\u00e9mission (ou en renvoyant la charte compl\u00e9t\u00e9e case n\u00b0\u00a010 \u00e0 13). Nous vous invitons, \u00a0apr\u00e8s votre \u00e9ventuel d\u00e9part, \u00e0 ne pas \u00a0critiquer inutilement le lieu qui vous a chaleureusement accueilli.<\/p>\n<p><strong style=\"font-weight: bold; color: #000000;\">Nous vous invitons \u00e0 lire tr\u00e8s soigneusement la charte et le r\u00e8glement int\u00e9rieur (ainsi que tous les versets bibliques en r\u00e9f\u00e9rence, \u00e9tant la pierre de fondement de l\u2019\u00e9glise B\u00e9thel).<\/strong><\/p>\n<p>Pour les visiteurs r\u00e9guliers : si vous avez demand\u00e9 \u00e0 lire (ou si vous avez d\u00e9j\u00e0 re\u00e7u de la part des dirigeants) les documents (au moins le r\u00e8glement int\u00e9rieur), merci de nous \u00a0retourner sign\u00e9s le coupon r\u00e9ponse avec la mention retenue par vous et par vous seul (si personne mineur autorisation d\u2019au moins un des parents par \u00e9crit).<\/p>\n<p>Pour les personnes d\u00e9sireuses de devenir membres\u00a0: vous avez la possibilit\u00e9 de cocher chaque case nous indiquant les points que vous validez et ceux que vous ne validez pas. Nous sommes l\u00e0 pour vous donner sur simple demande une \u00e9tude justifiant chaque point (ou en vous indiquant la date \u00e0 laquelle a \u00e9t\u00e9 enseign\u00e9 \u00a0ou sera trait\u00e9 le point demand\u00e9).<\/p>\n<p>Si vous avez des avis diff\u00e9rents, sachez (\u00e0 partir du moment o\u00f9 votre pr\u00e9sence ne met ni les individus ni le r\u00e8glement en danger) que vous \u00eates\u00a0 les bienvenus\u00a0; car nous pensons que les avis sont libres et peuvent \u00eatre compl\u00e9mentaires. Vous pouvez donc tout \u00e0 fait \u00eatre membre et ne pas adh\u00e9rer \u00e0 tous les points de la charte. Bien s\u00fbr, le r\u00e8glement int\u00e9rieur ne \u00a0doit pas en souffrir et \u00a0\u00eatre respect\u00e9 par vous-m\u00eame et les personnes sous votre charge.<\/p>\n<p><strong style=\"font-weight: bold; color: #000000;\">NB\u00a0:<\/strong>\u00a0si votre attitude ou l\u2019attitude des personnes sous votre responsabilit\u00e9 met en p\u00e9ril la bonne marche de l\u2019\u00e9glise et des autres activit\u00e9s d\u00e9pendant de l\u2019\u00e9glise, le pasteur peut \u00e0 tout moment vous signifier votre renvoi et vous demander de ne plus faire partie de l\u2019\u00e9glise, \u00a0oralement ou sur simple lettre remise soit par mail , soit en main propre ou par la poste.<\/p>\n<p>De plus, les dirigeants peuvent interdire (oralement ou par \u00e9crit) \u00a0l\u2019entr\u00e9e de mani\u00e8re d\u00e9finitive (m\u00eame la premi\u00e8re fois), si la tenue, le langage ou tout autre point n\u00e9gatif sont \u00e9vidents chez une personne (ou une famille ou m\u00eame un groupe).<\/p>\n","protected":false},"excerpt":{"rendered":"<p>Pourquoi cette charte ? Pour avertir\u00a0:\u00a0 adh\u00e9rer \u00e0 une Eglise est une d\u00e9cision importante qui doit \u00eatre m\u00fbrement r\u00e9fl\u00e9chie et prise dans la pri\u00e8re, \u00a0librement devant Dieu et devant les hommes. (Selon Luc 14v 28\u00a0: S\u2019asseoir et calculer \u00e0 la &hellip; <a href=\"https:\/\/eglisebethelduvar.fr\/?page_id=143\">Continuer la lecture <span class=\"meta-nav\">&rarr;<\/span><\/a><\/p>\n","protected":false},"author":1,"featured_media":0,"parent":0,"menu_order":0,"comment_status":"closed","ping_status":"closed","template":"onecolumn-page.php","meta":[],"_links":{"self":[{"href":"https:\/\/eglisebethelduvar.fr\/index.php?rest_route=\/wp\/v2\/pages\/143"}],"collection":[{"href":"https:\/\/eglisebethelduvar.fr\/index.php?rest_route=\/wp\/v2\/pages"}],"about":[{"href":"https:\/\/eglisebethelduvar.fr\/index.php?rest_route=\/wp\/v2\/types\/page"}],"author":[{"embeddable":true,"href":"https:\/\/eglisebethelduvar.fr\/index.php?rest_route=\/wp\/v2\/users\/1"}],"replies":[{"embeddable":true,"href":"https:\/\/eglisebethelduvar.fr\/index.php?rest_route=%2Fwp%2Fv2%2Fcomments&post=143"}],"version-history":[{"count":3,"href":"https:\/\/eglisebethelduvar.fr\/index.php?rest_route=\/wp\/v2\/pages\/143\/revisions"}],"predecessor-version":[{"id":150,"href":"https:\/\/eglisebethelduvar.fr\/index.php?rest_route=\/wp\/v2\/pages\/143\/revisions\/150"}],"wp:attachment":[{"href":"https:\/\/eglisebethelduvar.fr\/index.php?rest_route=%2Fwp%2Fv2%2Fmedia&parent=143"}],"curies":[{"name":"wp","href":"https:\/\/api.w.org\/{rel}","templated":true}]}}