{"id":145,"date":"2014-05-26T15:46:35","date_gmt":"2014-05-26T14:46:35","guid":{"rendered":"http:\/\/eglisebethelduvar.fr\/?page_id=145"},"modified":"2014-05-26T15:53:42","modified_gmt":"2014-05-26T14:53:42","slug":"charte","status":"publish","type":"page","link":"https:\/\/eglisebethelduvar.fr\/?page_id=145","title":{"rendered":"Charte"},"content":{"rendered":"<table width=\"763\">\n<tbody>\n<tr>\n<td width=\"56\"><\/td>\n<td width=\"58\"><\/td>\n<td width=\"649\"><strong>POINTS FONDAMENTAUX<\/strong><\/td>\n<\/tr>\n<tr>\n<td width=\"56\"><\/td>\n<td width=\"58\"><\/td>\n<td width=\"649\"><strong>1\u00a0: NOUS CROYONS AU DIEU TRIUNITAIRE\u00a0: \u00a0<\/strong>Au Dieu de la Bible, P\u00e8re, Fils, Saint Esprit.<\/p>\n<p>&nbsp;<\/td>\n<\/tr>\n<tr>\n<td width=\"56\"><\/td>\n<td width=\"58\"><\/td>\n<td width=\"649\"><strong>2\u00a0: NOUS CROYONS EN LA BIBLE\u00a0: \u00a0<\/strong>Que la bible est la parole de Dieu, le Dieu est P\u00e8re de J\u00e9sus Christ. Son autorit\u00e9 est absolue et divine. La raison d\u2019\u00eatre de l\u2019\u00e9glise se trouve \u00e9crit en elle et son fonctionnement \u00a0est tir\u00e9 exclusivement d\u2019elle.<\/p>\n<p>&nbsp;<\/td>\n<\/tr>\n<tr>\n<td width=\"56\"><\/td>\n<td width=\"58\"><\/td>\n<td width=\"649\"><strong>3\u00a0: NOUS CROYONS A LA DISCIPLINE DANS L\u2019EGLISE\u00a0: <\/strong>Que la rigueur, l\u2019ordre et la biens\u00e9ance sont de mise au sein de l\u2019assembl\u00e9e.<\/p>\n<p>&nbsp;<\/td>\n<\/tr>\n<tr>\n<td width=\"56\"><\/td>\n<td width=\"58\"><\/td>\n<td width=\"649\"><strong>4\u00a0: NOUS CROYONS A LA DISCRETION\u00a0:<\/strong>en paroles, dans les vies, etc\u2026<\/p>\n<p>&nbsp;<\/td>\n<\/tr>\n<tr>\n<td width=\"56\"><\/td>\n<td width=\"58\"><\/td>\n<td width=\"649\"><strong>5\u00a0: NOUS CROYONS AU SALUT PERMANENT PAR GRACE\u00a0:<\/strong>Au salut par gr\u00e2ce, permanent apr\u00e8s la\u00a0 nouvelle naissance, un salut en 3 parties\u00a0: esprit, \u00e2me et corps.<\/p>\n<p>&nbsp;<\/td>\n<\/tr>\n<tr>\n<td width=\"56\"><\/td>\n<td width=\"58\"><\/td>\n<td width=\"649\"><strong>6\u00a0:\u00a0 NOUS CROYONS A LA PRIERE\u00a0:<\/strong>Que nos pri\u00e8res doivent \u00eatre adress\u00e9es au P\u00e8re au nom de son fils J\u00e9sus, n\u2019en adressant aucune au St Esprit.<\/p>\n<p>&nbsp;<\/td>\n<\/tr>\n<tr>\n<td width=\"56\"><\/td>\n<td width=\"58\"><\/td>\n<td width=\"649\"><strong>7\u00a0: NOUS CROYONS QU\u2019UNE PERSONNE DOIT ETRE UN DISCIPLE ACCOMPLI\u00a0 AVANT DE SERVIR\u00a0:<\/strong>Nous pensons que toute personne peut jouer un r\u00f4le (pas n\u00e9cessairement minist\u00e8re) dans le corps de Christ. La personne doit \u00eatre un disciple fid\u00e8le, assidu et\u00a0 cherchant \u00e0 devenir accompli.<\/p>\n<p>&nbsp;<\/td>\n<\/tr>\n<tr>\n<td width=\"56\"><\/td>\n<td width=\"58\"><\/td>\n<td width=\"649\"><strong>8\u00a0: NOUS CROYONS QUE TOUTE PERSONNE \u00a0ET AUSSI QUE \u00a0TOUT\u00a0 DISCIPLE EST UTILE\u00a0:<\/strong>Nous croyons que toute personne est et a une valeur, que si une personne devient, par la nouvelle naissance, une nouvelle cr\u00e9ature, elle re\u00e7oit des dons et des talents pouvant \u00eatre mis au b\u00e9n\u00e9fice de tous.<\/p>\n<p>&nbsp;<\/td>\n<\/tr>\n<tr>\n<td width=\"56\"><\/td>\n<td width=\"58\"><\/td>\n<td width=\"649\"><strong>9\u00a0: NOUS CROYONS QUE L\u2019AMOUR PERMET UN ECHANGE AVEC LES AUTRES COMMUNAUTES\u00a0:<\/strong>Les personnes qui ont un autre enseignement ne sont pas \u00e0 mettre de c\u00f4t\u00e9 si leurs opinions ou leurs doctrines est une diff\u00e9rence de point de vue etc\u2026<\/p>\n<p>&nbsp;<\/td>\n<\/tr>\n<tr>\n<td width=\"56\"><\/td>\n<td width=\"58\"><\/td>\n<td width=\"649\"><strong>10\u00a0: NOUS CROYONS\u00a0 QUE L\u2019ANCIEN TESTAMENT EST ACTUEL:<\/strong>Qu\u2019il \u00a0est toujours valable \u00e9tant accompli et non aboli\u2026<\/p>\n<p>&nbsp;<\/td>\n<\/tr>\n<tr>\n<td width=\"56\"><\/td>\n<td width=\"58\"><\/td>\n<td width=\"649\"><strong>11\u00a0: NOUS CROYONS\u00a0AUX 7 MINISTERES \u00a0PRINCIPAUX ET LES AUTRES MENTIONNES DANS LA BIBLE (Dont certains encore actuels de l\u2019ancien testament)\u00a0: \u00a0<\/strong>Que les 7 minist\u00e8res et tous les dons sont et doivent \u00eatre dans l\u2019Eglise\u2026<\/p>\n<p>&nbsp;<\/td>\n<\/tr>\n<tr>\n<td width=\"56\"><\/td>\n<td width=\"58\"><\/td>\n<td width=\"649\"><strong>12\u00a0: NOUS CROYONS A LA BIENSEANCE\u00a0:<\/strong>Tenue vestimentaire d\u00e9cente etc\u2026<\/p>\n<p>&nbsp;<\/td>\n<\/tr>\n<tr>\n<td width=\"56\"><\/td>\n<td width=\"58\"><\/td>\n<td width=\"649\"><strong>13\u00a0: NOUS CROYONS A LA FAMILLE\u00a0SELON LA BIBLE :<\/strong>A la famille, source de vie donn\u00e9e par Dieu, qui passe avant toute chose (elle est prioritaire \u00e0 la vie d\u2019\u00e9glise que ce soit pour recevoir ou pour donner) etc\u2026<\/p>\n<p>&nbsp;<\/td>\n<\/tr>\n<tr>\n<td width=\"56\"><\/td>\n<td width=\"58\"><\/td>\n<td width=\"649\"><strong>14\u00a0: NOUS CROYONS A LA DIME ET AUX OFFRANDES\u00a0: <\/strong><\/td>\n<\/tr>\n<tr>\n<td width=\"56\"><\/td>\n<td width=\"58\"><\/td>\n<td width=\"649\"><strong>15\u00a0: NOUS CROYONS A LA SAGESSE D\u2019UN CONSEIL \/ D\u2019UNE EQUIPE\u00a0:<\/strong>A une \u00e9quipe pastorale (pasteurs, anciens et autres minist\u00e8res) qui dirigent ensemble. Nous croyons que la sagesse se trouve \u00a0au milieu d\u2019un conseil qui d\u00e9lib\u00e8re\u00a0etc\u2026<\/p>\n<p>&nbsp;<\/td>\n<\/tr>\n<tr>\n<td width=\"56\"><\/td>\n<td width=\"58\"><\/td>\n<td width=\"649\"><strong>16\u00a0: NOUS CROYONS A LA GUERISON DIVINE\u00a0: <\/strong><\/td>\n<\/tr>\n<tr>\n<td width=\"56\"><\/td>\n<td width=\"58\"><\/td>\n<td width=\"649\"><strong>17\u00a0: NOUS CROYONS\u00a0 AU MARIAGE:<\/strong>Au mariage \u00e9ternel (entre \u2642\u2640 uniquement) \u2026<\/p>\n<p>&nbsp;<\/td>\n<\/tr>\n<tr>\n<td width=\"56\"><\/td>\n<td width=\"58\"><\/td>\n<td width=\"649\"><strong>18\u00a0: NOUS CROYONS A\u00a0 L\u2019ECOLE CHRETIENNE\u00a0:<\/strong><\/td>\n<\/tr>\n<tr>\n<td width=\"56\"><\/td>\n<td width=\"58\"><\/td>\n<td width=\"649\">\u00a0<strong>19\u00a0: NOUS CROYONS\u00a0 A LA SOUMISSION AUX AUTORITES DU MONDE :<\/strong>A l\u2019importance d\u2019\u00eatre soumis aux autorit\u00e9s humaines et \u00e0 prier pour elles.<\/p>\n<p>&nbsp;<\/td>\n<\/tr>\n<tr>\n<td width=\"56\"><\/td>\n<td width=\"58\"><\/td>\n<td width=\"649\"><strong>20\u00a0: NOUS CROYONS AUX BAPTEMES :<\/strong>Au bapt\u00eame d\u2019eau par immersion d\u00e9cid\u00e9 par et pour soi m\u00eame \u2026<\/p>\n<p>&nbsp;<\/td>\n<\/tr>\n<tr>\n<td width=\"56\"><\/td>\n<td width=\"58\"><\/td>\n<td width=\"649\"><strong>21\u00a0: NOUS CROYONS QUE LES FETES TRADITIONNELLES DOIVENT RESTER PERSONNELLES :<\/strong><\/td>\n<\/tr>\n<tr>\n<td width=\"56\"><\/td>\n<td width=\"58\"><\/td>\n<td width=\"649\"><strong>22\u00a0: NOUS CROYONS\u00a0A UN EVANGILE GRATUIT ET POUR TOUS :<\/strong>A l\u2019\u00e9vangile pour tous, riches et pauvres, quelque soit le pays d\u2019origine.<\/td>\n<\/tr>\n<tr>\n<td width=\"56\"><\/td>\n<td width=\"58\"><\/td>\n<td width=\"649\"><strong>23\u00a0: NOUS CROYONS AU TRAVAIL\u00a0:<\/strong>Au\u00a0 travail au sein de notre pays afin de pourvoir soi m\u00eame \u00e0 ses propres besoins.<\/p>\n<p>&nbsp;<\/td>\n<\/tr>\n<tr>\n<td width=\"56\"><\/td>\n<td width=\"58\"><\/td>\n<td width=\"649\"><strong>24\u00a0: NOUS CROYONS\u00a0 QU\u2019IL EXISTE DES PUISSANCES MAUVAISES :<\/strong>A l\u2019existence des puissances des t\u00e9n\u00e8bres et \u00e0 la n\u00e9cessit\u00e9 de se sanctifier \u2026<\/p>\n<p><strong>\u00a0<\/strong><\/td>\n<\/tr>\n<tr>\n<td width=\"56\"><\/td>\n<td width=\"58\"><\/td>\n<td width=\"649\"><strong>25\u00a0: NOUS CROYONS A LA PAIX\u00a0: <\/strong>Nous prions pour la paix pour tous les peuples et tous les hommes etc\u2026<\/p>\n<p><strong>\u00a0<\/strong><\/td>\n<\/tr>\n<tr>\n<td width=\"56\"><\/td>\n<td width=\"58\"><\/td>\n<td width=\"649\"><strong>26\u00a0: NOUS CROYONS AU RETOUR DU SEIGNEUR\u00a0:<\/strong>Nous croyons que J\u00e9sus va revenir pour chercher les siens et nous annon\u00e7ons son retour.<\/td>\n<\/tr>\n<\/tbody>\n<\/table>\n<p>&nbsp;<\/p>\n","protected":false},"excerpt":{"rendered":"<p>POINTS FONDAMENTAUX 1\u00a0: NOUS CROYONS AU DIEU TRIUNITAIRE\u00a0: \u00a0Au Dieu de la Bible, P\u00e8re, Fils, Saint Esprit. &nbsp; 2\u00a0: NOUS CROYONS EN LA BIBLE\u00a0: \u00a0Que la bible est la parole de Dieu, le Dieu est P\u00e8re de J\u00e9sus Christ. Son &hellip; <a href=\"https:\/\/eglisebethelduvar.fr\/?page_id=145\">Continuer la lecture <span class=\"meta-nav\">&rarr;<\/span><\/a><\/p>\n","protected":false},"author":1,"featured_media":0,"parent":0,"menu_order":0,"comment_status":"closed","ping_status":"closed","template":"onecolumn-page.php","meta":[],"_links":{"self":[{"href":"https:\/\/eglisebethelduvar.fr\/index.php?rest_route=\/wp\/v2\/pages\/145"}],"collection":[{"href":"https:\/\/eglisebethelduvar.fr\/index.php?rest_route=\/wp\/v2\/pages"}],"about":[{"href":"https:\/\/eglisebethelduvar.fr\/index.php?rest_route=\/wp\/v2\/types\/page"}],"author":[{"embeddable":true,"href":"https:\/\/eglisebethelduvar.fr\/index.php?rest_route=\/wp\/v2\/users\/1"}],"replies":[{"embeddable":true,"href":"https:\/\/eglisebethelduvar.fr\/index.php?rest_route=%2Fwp%2Fv2%2Fcomments&post=145"}],"version-history":[{"count":1,"href":"https:\/\/eglisebethelduvar.fr\/index.php?rest_route=\/wp\/v2\/pages\/145\/revisions"}],"predecessor-version":[{"id":146,"href":"https:\/\/eglisebethelduvar.fr\/index.php?rest_route=\/wp\/v2\/pages\/145\/revisions\/146"}],"wp:attachment":[{"href":"https:\/\/eglisebethelduvar.fr\/index.php?rest_route=%2Fwp%2Fv2%2Fmedia&parent=145"}],"curies":[{"name":"wp","href":"https:\/\/api.w.org\/{rel}","templated":true}]}}