{"id":171,"date":"2015-09-04T19:14:43","date_gmt":"2015-09-04T18:14:43","guid":{"rendered":"http:\/\/eglisebethelduvar.fr\/?page_id=171"},"modified":"2015-09-04T19:21:59","modified_gmt":"2015-09-04T18:21:59","slug":"5e-conference-annuelle-de-leglise-bethel-du-var","status":"publish","type":"page","link":"https:\/\/eglisebethelduvar.fr\/?page_id=171","title":{"rendered":"5e CONFERENCE ANNUELLE DE L&rsquo;EGLISE BETHEL DU VAR"},"content":{"rendered":"<p>Bonjour \u00e0 tous,<\/p>\n<p>Comme chaque ann\u00e9e, l&rsquo;Eglise Bethel du Var organise sa conf\u00e9rence annuelle \u00e0 th\u00e8me.<\/p>\n<p>Cette ann\u00e9e, le th\u00e8me est :<\/p>\n<p>l&rsquo;humilit\u00e9 et la simplicit\u00e9, se rendre simple et humble comme un petit enfant.<\/p>\n<p><span style=\"text-decoration: underline;\"><strong>Les jours et\u00a0 horaires :<\/strong><\/span> du vendredi 11 septembre au dimanche 13 septembre 2015.<\/p>\n<p>Vendredi soir : 20h00<br \/>\nSamedi 1ere\u00a0 r\u00e9union : 15h00<br \/>\nA l&rsquo;issue de la r\u00e9union, pri\u00e8re pour les malades, pri\u00e8res pour les besoins proph\u00e9tiques de chacun.<\/p>\n<p>19h00 : repas au restaurant de la Castille, menu unique (steak frites \/ glaces \/ verre de ros\u00e9)<\/p>\n<p>Le tarif et le paiement : 6.50\u20ac \/ personne (sur r\u00e9servation avant le 08.09.2015 aupr\u00e8s du pasteur, ch\u00e8que de r\u00e8glement \u00e0 Eglise Bethel du Var).<\/p>\n<p>20h00 \/ 20h 15 : d\u00e9but de la seconde cession de la journ\u00e9e.<\/p>\n<p>Dimanche : 17h00 : culte et c\u00e9l\u00e9bration, fin de la conf\u00e9rence \u00e0 l&rsquo;issue du culte.<\/p>\n<p><span style=\"text-decoration: underline;\"><strong>Intervenants :<\/strong><\/span><br \/>\njoe schrader , minist\u00e8re international des USA.<br \/>\njean pierre Rouxel : pasteur \u00e0 Paris.<br \/>\nfrancky febvay : pasteur de l&rsquo; Eglise Bethel du Var.<\/p>\n<p><strong><span style=\"text-decoration: underline;\">Lieu :<\/span><\/strong> fondation la Castille \u00e0 la Crau.<br \/>\naller au ch\u00e2teau (en passant devant le grand chapiteau\u00a0 blanc) aller \u00e0 la cave \u00e0 vin.<br \/>\nl&rsquo;entr\u00e9e est en face : accueil groupes, puis suivre les indications sur le tableau d&rsquo;affichage.<\/p>\n<p><strong>Entr\u00e9e libre et gratuite.<\/strong><br \/>\n<strong> \u00e0 bient\u00f4t en J\u00e9sus.<\/strong><\/p>\n<p><em>www.eglisebethelduvar.fr<\/em><br \/>\nT\u00e9l : 06 21 96 62 09<\/p>\n","protected":false},"excerpt":{"rendered":"<p>Bonjour \u00e0 tous, Comme chaque ann\u00e9e, l&rsquo;Eglise Bethel du Var organise sa conf\u00e9rence annuelle \u00e0 th\u00e8me. Cette ann\u00e9e, le th\u00e8me est : l&rsquo;humilit\u00e9 et la simplicit\u00e9, se rendre simple et humble comme un petit enfant. Les jours et\u00a0 horaires : &hellip; <a href=\"https:\/\/eglisebethelduvar.fr\/?page_id=171\">Continuer la lecture <span class=\"meta-nav\">&rarr;<\/span><\/a><\/p>\n","protected":false},"author":1,"featured_media":0,"parent":0,"menu_order":0,"comment_status":"closed","ping_status":"closed","template":"","meta":[],"_links":{"self":[{"href":"https:\/\/eglisebethelduvar.fr\/index.php?rest_route=\/wp\/v2\/pages\/171"}],"collection":[{"href":"https:\/\/eglisebethelduvar.fr\/index.php?rest_route=\/wp\/v2\/pages"}],"about":[{"href":"https:\/\/eglisebethelduvar.fr\/index.php?rest_route=\/wp\/v2\/types\/page"}],"author":[{"embeddable":true,"href":"https:\/\/eglisebethelduvar.fr\/index.php?rest_route=\/wp\/v2\/users\/1"}],"replies":[{"embeddable":true,"href":"https:\/\/eglisebethelduvar.fr\/index.php?rest_route=%2Fwp%2Fv2%2Fcomments&post=171"}],"version-history":[{"count":5,"href":"https:\/\/eglisebethelduvar.fr\/index.php?rest_route=\/wp\/v2\/pages\/171\/revisions"}],"predecessor-version":[{"id":176,"href":"https:\/\/eglisebethelduvar.fr\/index.php?rest_route=\/wp\/v2\/pages\/171\/revisions\/176"}],"wp:attachment":[{"href":"https:\/\/eglisebethelduvar.fr\/index.php?rest_route=%2Fwp%2Fv2%2Fmedia&parent=171"}],"curies":[{"name":"wp","href":"https:\/\/api.w.org\/{rel}","templated":true}]}}