{"id":2,"date":"2014-05-16T09:59:40","date_gmt":"2014-05-16T08:59:40","guid":{"rendered":"http:\/\/eglisebethelduvar.fr\/?page_id=2"},"modified":"2022-03-29T12:50:08","modified_gmt":"2022-03-29T11:50:08","slug":"page-d-exemple","status":"publish","type":"page","link":"https:\/\/eglisebethelduvar.fr\/","title":{"rendered":"Accueil"},"content":{"rendered":"<p>L&rsquo;Eglise Protestante Bethel du Var vous souhaite la bienvenue sur ce site, nous vous souhaitons une bonne et agr\u00e9able navigation.<\/p>\n<p>Ce site a pour but de vous donner les informations inh\u00e9rentes \u00e0 notre Eglise et de vous donner la possibilit\u00e9 de rencontrer le Dieu d&rsquo;amour , le Dieu vivant \u00e0 travers son Fils J\u00e9sus Christ qui est n\u00e9, qui est mort et qui est ressuscit\u00e9 afin que chacun d&rsquo;entre nous re\u00e7oive en son Nom , le pardon de nos p\u00e9ch\u00e9s et la Vie Eternelle.<\/p>\n<p><span style=\"color: #010158;\">Pasteur\u00a0 francky febvay <\/span><\/p>\n","protected":false},"excerpt":{"rendered":"<p>L&rsquo;Eglise Protestante Bethel du Var vous souhaite la bienvenue sur ce site, nous vous souhaitons une bonne et agr\u00e9able navigation. Ce site a pour but de vous donner les informations inh\u00e9rentes \u00e0 notre Eglise et de vous donner la possibilit\u00e9 &hellip; <a href=\"https:\/\/eglisebethelduvar.fr\/\">Continuer la lecture <span class=\"meta-nav\">&rarr;<\/span><\/a><\/p>\n","protected":false},"author":1,"featured_media":0,"parent":0,"menu_order":0,"comment_status":"closed","ping_status":"closed","template":"","meta":[],"_links":{"self":[{"href":"https:\/\/eglisebethelduvar.fr\/index.php?rest_route=\/wp\/v2\/pages\/2"}],"collection":[{"href":"https:\/\/eglisebethelduvar.fr\/index.php?rest_route=\/wp\/v2\/pages"}],"about":[{"href":"https:\/\/eglisebethelduvar.fr\/index.php?rest_route=\/wp\/v2\/types\/page"}],"author":[{"embeddable":true,"href":"https:\/\/eglisebethelduvar.fr\/index.php?rest_route=\/wp\/v2\/users\/1"}],"replies":[{"embeddable":true,"href":"https:\/\/eglisebethelduvar.fr\/index.php?rest_route=%2Fwp%2Fv2%2Fcomments&post=2"}],"version-history":[{"count":8,"href":"https:\/\/eglisebethelduvar.fr\/index.php?rest_route=\/wp\/v2\/pages\/2\/revisions"}],"predecessor-version":[{"id":262,"href":"https:\/\/eglisebethelduvar.fr\/index.php?rest_route=\/wp\/v2\/pages\/2\/revisions\/262"}],"wp:attachment":[{"href":"https:\/\/eglisebethelduvar.fr\/index.php?rest_route=%2Fwp%2Fv2%2Fmedia&parent=2"}],"curies":[{"name":"wp","href":"https:\/\/api.w.org\/{rel}","templated":true}]}}