{"id":57,"date":"2014-05-19T15:29:20","date_gmt":"2014-05-19T14:29:20","guid":{"rendered":"http:\/\/eglisebethelduvar.fr\/?page_id=57"},"modified":"2014-05-21T19:59:20","modified_gmt":"2014-05-21T18:59:20","slug":"toute-une-histoire","status":"publish","type":"page","link":"https:\/\/eglisebethelduvar.fr\/?page_id=57","title":{"rendered":"Toute une histoire"},"content":{"rendered":"<h1><span style=\"color: #010158;\">Emission du 31 mars 2011 sur France 2 o\u00f9 le Pasteur Francky Febvay a particip\u00e9<\/span><\/h1>\n<h1>Ce jour o\u00f9 ils ont \u00e9t\u00e9 conquis par la foi\u2026<\/h1>\n<p><a href=\"http:\/\/fr.gloria.tv\/?media=142174\" target=\"_blank\"><img loading=\"lazy\" class=\"alignnone size-medium wp-image-52\" src=\"http:\/\/eglisebethelduvar.fr\/wp-content\/uploads\/2014\/05\/touteune2-300x145.jpg\" alt=\"touteune2\" width=\"300\" height=\"145\" srcset=\"https:\/\/eglisebethelduvar.fr\/wp-content\/uploads\/2014\/05\/touteune2-300x145.jpg 300w, https:\/\/eglisebethelduvar.fr\/wp-content\/uploads\/2014\/05\/touteune2.jpg 767w\" sizes=\"(max-width: 300px) 100vw, 300px\" \/><\/a><\/p>\n<p><a href=\"http:\/\/fr.gloria.tv\/?media=142174\" target=\"_blank\"><strong><span style=\"color: #010158;\">Emission principale<\/span><\/strong><\/a><\/p>\n<p><a title=\"Toute une histoire\" href=\"http:\/\/www.france2.fr\/emissions\/toute-une-histoire\/diffusions\/31-03-2011_134133\" target=\"_blank\"><img loading=\"lazy\" class=\"alignnone size-medium wp-image-50\" src=\"http:\/\/eglisebethelduvar.fr\/wp-content\/uploads\/2014\/05\/touteune-300x182.jpg\" alt=\"touteune\" width=\"300\" height=\"182\" srcset=\"https:\/\/eglisebethelduvar.fr\/wp-content\/uploads\/2014\/05\/touteune-300x182.jpg 300w, https:\/\/eglisebethelduvar.fr\/wp-content\/uploads\/2014\/05\/touteune.jpg 651w\" sizes=\"(max-width: 300px) 100vw, 300px\" \/><\/a><\/p>\n<p><a title=\"Seconde \u00e9mission\" href=\"http:\/\/www.france2.fr\/emissions\/toute-une-histoire\/diffusions\/31-03-2011_134133\" target=\"_blank\"><strong><span style=\"color: #010158;\">Seconde \u00e9mission<\/span><\/strong><\/a><\/p>\n<p>&nbsp;<\/p>\n<p>&nbsp;<\/p>\n","protected":false},"excerpt":{"rendered":"<p>Emission du 31 mars 2011 sur France 2 o\u00f9 le Pasteur Francky Febvay a particip\u00e9 Ce jour o\u00f9 ils ont \u00e9t\u00e9 conquis par la foi\u2026 Emission principale Seconde \u00e9mission &nbsp; &nbsp;<\/p>\n","protected":false},"author":1,"featured_media":0,"parent":0,"menu_order":0,"comment_status":"closed","ping_status":"closed","template":"onecolumn-page.php","meta":[],"_links":{"self":[{"href":"https:\/\/eglisebethelduvar.fr\/index.php?rest_route=\/wp\/v2\/pages\/57"}],"collection":[{"href":"https:\/\/eglisebethelduvar.fr\/index.php?rest_route=\/wp\/v2\/pages"}],"about":[{"href":"https:\/\/eglisebethelduvar.fr\/index.php?rest_route=\/wp\/v2\/types\/page"}],"author":[{"embeddable":true,"href":"https:\/\/eglisebethelduvar.fr\/index.php?rest_route=\/wp\/v2\/users\/1"}],"replies":[{"embeddable":true,"href":"https:\/\/eglisebethelduvar.fr\/index.php?rest_route=%2Fwp%2Fv2%2Fcomments&post=57"}],"version-history":[{"count":5,"href":"https:\/\/eglisebethelduvar.fr\/index.php?rest_route=\/wp\/v2\/pages\/57\/revisions"}],"predecessor-version":[{"id":66,"href":"https:\/\/eglisebethelduvar.fr\/index.php?rest_route=\/wp\/v2\/pages\/57\/revisions\/66"}],"wp:attachment":[{"href":"https:\/\/eglisebethelduvar.fr\/index.php?rest_route=%2Fwp%2Fv2%2Fmedia&parent=57"}],"curies":[{"name":"wp","href":"https:\/\/api.w.org\/{rel}","templated":true}]}}