{"id":7,"date":"2014-05-16T14:40:42","date_gmt":"2014-05-16T13:40:42","guid":{"rendered":"http:\/\/eglisebethelduvar.fr\/?page_id=7"},"modified":"2021-11-29T13:07:12","modified_gmt":"2021-11-29T12:07:12","slug":"plan-dacces","status":"publish","type":"page","link":"https:\/\/eglisebethelduvar.fr\/?page_id=7","title":{"rendered":"Plan d&rsquo;acc\u00e8s"},"content":{"rendered":"<p>T\u00e9l\u00e9phone :\u00a0<span style=\"color: #010158;\">06.21.96.62.09<\/span><\/p>\n<p><strong>NOUVELLE SALLE A COMPTER DU 28 NOVEMBRE 2021 !<\/strong><\/p>\n<p><strong> Culte tous les dimanches \u00e0 17 h et r\u00e9union de pri\u00e8res tous les mardis et jeudi \u00e0 18h30.<\/strong><\/p>\n<p>Accueil \u00e0 partir de 16h30 et fin de l&rsquo;accueil \u00e0 16h50 car nous devons fermer le portail. Il faut donc \u00eatre \u00e0 l&rsquo;heure !<\/p>\n<p>323, avenue du G\u00e9n\u00e9ral pruneau 83000 Toulon<\/p>\n<p>La salle se situe dans l&rsquo;enceinte du contr\u00f4le automobile SECURITEST<\/p>\n\n","protected":false},"excerpt":{"rendered":"<p>T\u00e9l\u00e9phone :\u00a006.21.96.62.09 NOUVELLE SALLE A COMPTER DU 28 NOVEMBRE 2021 ! Culte tous les dimanches \u00e0 17 h et r\u00e9union de pri\u00e8res tous les mardis et jeudi \u00e0 18h30. Accueil \u00e0 partir de 16h30 et fin de l&rsquo;accueil \u00e0 16h50 &hellip; <a href=\"https:\/\/eglisebethelduvar.fr\/?page_id=7\">Continuer la lecture <span class=\"meta-nav\">&rarr;<\/span><\/a><\/p>\n","protected":false},"author":1,"featured_media":0,"parent":0,"menu_order":0,"comment_status":"closed","ping_status":"closed","template":"onecolumn-page.php","meta":[],"_links":{"self":[{"href":"https:\/\/eglisebethelduvar.fr\/index.php?rest_route=\/wp\/v2\/pages\/7"}],"collection":[{"href":"https:\/\/eglisebethelduvar.fr\/index.php?rest_route=\/wp\/v2\/pages"}],"about":[{"href":"https:\/\/eglisebethelduvar.fr\/index.php?rest_route=\/wp\/v2\/types\/page"}],"author":[{"embeddable":true,"href":"https:\/\/eglisebethelduvar.fr\/index.php?rest_route=\/wp\/v2\/users\/1"}],"replies":[{"embeddable":true,"href":"https:\/\/eglisebethelduvar.fr\/index.php?rest_route=%2Fwp%2Fv2%2Fcomments&post=7"}],"version-history":[{"count":45,"href":"https:\/\/eglisebethelduvar.fr\/index.php?rest_route=\/wp\/v2\/pages\/7\/revisions"}],"predecessor-version":[{"id":244,"href":"https:\/\/eglisebethelduvar.fr\/index.php?rest_route=\/wp\/v2\/pages\/7\/revisions\/244"}],"wp:attachment":[{"href":"https:\/\/eglisebethelduvar.fr\/index.php?rest_route=%2Fwp%2Fv2%2Fmedia&parent=7"}],"curies":[{"name":"wp","href":"https:\/\/api.w.org\/{rel}","templated":true}]}}