{"id":79,"date":"2014-05-21T07:56:26","date_gmt":"2014-05-21T06:56:26","guid":{"rendered":"http:\/\/eglisebethelduvar.fr\/?page_id=79"},"modified":"2014-05-27T07:01:30","modified_gmt":"2014-05-27T06:01:30","slug":"charte-et-vision","status":"publish","type":"page","link":"https:\/\/eglisebethelduvar.fr\/?page_id=79","title":{"rendered":"Charte et vision"},"content":{"rendered":"<p>CHARTE\u00a0: CE QUE NOUS CROYONS ET CE QUE NOUS ENSEIGNONS<\/p>\n<p>EPE &amp; C C F B B V<\/p>\n<p><a title=\"Charte\" href=\"http:\/\/eglisebethelduvar.fr\/?page_id=145\"><strong>Charte<\/strong><\/a><\/p>\n<p><a title=\"Vision\" href=\"http:\/\/eglisebethelduvar.fr\/?page_id=143\"><strong>Vision<\/strong><\/a><\/p>\n<p>Vous pouvez avoir la charte et la vision dans son entier (ainsi que les versets bibliques de r\u00e9f\u00e9rence qui la composent) \u00e0 votre arriv\u00e9e au sein de notre Eglise.<\/p>\n<p>L&rsquo;Eglise B\u00e9thel du Var est \u00e9galement r\u00e9git par un r\u00e8glement int\u00e9rieur.<\/p>\n","protected":false},"excerpt":{"rendered":"<p>CHARTE\u00a0: CE QUE NOUS CROYONS ET CE QUE NOUS ENSEIGNONS EPE &amp; C C F B B V Charte Vision Vous pouvez avoir la charte et la vision dans son entier (ainsi que les versets bibliques de r\u00e9f\u00e9rence qui la &hellip; <a href=\"https:\/\/eglisebethelduvar.fr\/?page_id=79\">Continuer la lecture <span class=\"meta-nav\">&rarr;<\/span><\/a><\/p>\n","protected":false},"author":1,"featured_media":0,"parent":0,"menu_order":0,"comment_status":"closed","ping_status":"closed","template":"onecolumn-page.php","meta":[],"_links":{"self":[{"href":"https:\/\/eglisebethelduvar.fr\/index.php?rest_route=\/wp\/v2\/pages\/79"}],"collection":[{"href":"https:\/\/eglisebethelduvar.fr\/index.php?rest_route=\/wp\/v2\/pages"}],"about":[{"href":"https:\/\/eglisebethelduvar.fr\/index.php?rest_route=\/wp\/v2\/types\/page"}],"author":[{"embeddable":true,"href":"https:\/\/eglisebethelduvar.fr\/index.php?rest_route=\/wp\/v2\/users\/1"}],"replies":[{"embeddable":true,"href":"https:\/\/eglisebethelduvar.fr\/index.php?rest_route=%2Fwp%2Fv2%2Fcomments&post=79"}],"version-history":[{"count":5,"href":"https:\/\/eglisebethelduvar.fr\/index.php?rest_route=\/wp\/v2\/pages\/79\/revisions"}],"predecessor-version":[{"id":152,"href":"https:\/\/eglisebethelduvar.fr\/index.php?rest_route=\/wp\/v2\/pages\/79\/revisions\/152"}],"wp:attachment":[{"href":"https:\/\/eglisebethelduvar.fr\/index.php?rest_route=%2Fwp%2Fv2%2Fmedia&parent=79"}],"curies":[{"name":"wp","href":"https:\/\/api.w.org\/{rel}","templated":true}]}}