{"id":84,"date":"2014-05-21T12:24:52","date_gmt":"2014-05-21T11:24:52","guid":{"rendered":"http:\/\/eglisebethelduvar.fr\/?page_id=84"},"modified":"2014-05-23T07:47:17","modified_gmt":"2014-05-23T06:47:17","slug":"action-devangelisation","status":"publish","type":"page","link":"https:\/\/eglisebethelduvar.fr\/?page_id=84","title":{"rendered":"Campagne d&rsquo;\u00e9vang\u00e9lisation 2014"},"content":{"rendered":"<p>Bonjour,<\/p>\n<p>En partenariat avec ConnaitreDieu.com, l\u2019Eglise Bethel du Var \u00a0a organis\u00e9 une distribution de lettres d\u2019invitation \u00e0 l\u2019Eglise du 29 Avril 2014 au 11 Mai 2014 pour la population de La Farl\u00e8de dans le Var. L\u2019\u00e9v\u00e8nement a \u00e9t\u00e9 publi\u00e9 dans Top Evenement. ( Top Chr\u00e9tien.com )<\/p>\n<p><a href=\"http:\/\/eglisebethelduvar.fr\/wp-content\/uploads\/2014\/05\/937376169255003.png\"><img loading=\"lazy\" class=\"size-medium wp-image-85 aligncenter\" src=\"http:\/\/eglisebethelduvar.fr\/wp-content\/uploads\/2014\/05\/937376169255003-300x225.png\" alt=\"937376169255003\" width=\"300\" height=\"225\" srcset=\"https:\/\/eglisebethelduvar.fr\/wp-content\/uploads\/2014\/05\/937376169255003-300x225.png 300w, https:\/\/eglisebethelduvar.fr\/wp-content\/uploads\/2014\/05\/937376169255003.png 500w\" sizes=\"(max-width: 300px) 100vw, 300px\" \/><\/a><\/p>\n<p><span style=\"color: #111111;\">La Farl\u00e8de est une petite ville varoise de pr\u00e8s de 8600 habitants \u00e0 10 minutes de Toulon.<\/span><\/p>\n<p><a href=\"http:\/\/eglisebethelduvar.fr\/wp-content\/uploads\/2014\/05\/9373761692550031.png\"><img loading=\"lazy\" class=\"size-full wp-image-86 aligncenter\" src=\"http:\/\/eglisebethelduvar.fr\/wp-content\/uploads\/2014\/05\/9373761692550031.png\" alt=\"937376169255003\" width=\"272\" height=\"204\" \/><\/a><\/p>\n<p>&nbsp;<\/p>\n<p><span style=\"color: #111111;\">4000 courriers ont \u00e9t\u00e9 distribu\u00e9s pour inviter la population \u00e0 la r\u00e9union d\u2019\u00e9vang\u00e9lisation et faire conna\u00eetre l\u2019Eglise Protestante Evang\u00e9lique.<\/span><\/p>\n<p><a href=\"http:\/\/eglisebethelduvar.fr\/wp-content\/uploads\/2014\/05\/9373761692550032.png\"><img loading=\"lazy\" class=\"size-medium wp-image-87 aligncenter\" src=\"http:\/\/eglisebethelduvar.fr\/wp-content\/uploads\/2014\/05\/9373761692550032-300x224.png\" alt=\"937376169255003\" width=\"300\" height=\"224\" srcset=\"https:\/\/eglisebethelduvar.fr\/wp-content\/uploads\/2014\/05\/9373761692550032-300x224.png 300w, https:\/\/eglisebethelduvar.fr\/wp-content\/uploads\/2014\/05\/9373761692550032.png 383w\" sizes=\"(max-width: 300px) 100vw, 300px\" \/><\/a><\/p>\n<p>&nbsp;<\/p>\n<p><span style=\"color: #111111;\">L\u2019\u00e9quipe s\u2019est organis\u00e9e et a distribu\u00e9 selon des secteurs pr\u00e9cis de la ville.<\/span><\/p>\n<p><a href=\"http:\/\/eglisebethelduvar.fr\/wp-content\/uploads\/2014\/05\/9373761692550033.png\"><img loading=\"lazy\" class=\"size-medium wp-image-88 aligncenter\" src=\"http:\/\/eglisebethelduvar.fr\/wp-content\/uploads\/2014\/05\/9373761692550033-300x208.png\" alt=\"937376169255003\" width=\"300\" height=\"208\" srcset=\"https:\/\/eglisebethelduvar.fr\/wp-content\/uploads\/2014\/05\/9373761692550033-300x208.png 300w, https:\/\/eglisebethelduvar.fr\/wp-content\/uploads\/2014\/05\/9373761692550033.png 420w\" sizes=\"(max-width: 300px) 100vw, 300px\" \/><\/a><br \/>\nLes habitants de La Farl\u00e8de ont re\u00e7u leurs invitations dans leurs bo\u00eetes aux lettres.<br \/>\nDe bons contacts se sont naturellement \u00e9tablis avec la population.<\/p>\n<p><a href=\"http:\/\/eglisebethelduvar.fr\/wp-content\/uploads\/2014\/05\/9373761692550034.png\"><img loading=\"lazy\" class=\"size-medium wp-image-89 aligncenter\" src=\"http:\/\/eglisebethelduvar.fr\/wp-content\/uploads\/2014\/05\/9373761692550034-300x225.png\" alt=\"937376169255003\" width=\"300\" height=\"225\" srcset=\"https:\/\/eglisebethelduvar.fr\/wp-content\/uploads\/2014\/05\/9373761692550034-300x225.png 300w, https:\/\/eglisebethelduvar.fr\/wp-content\/uploads\/2014\/05\/9373761692550034.png 409w\" sizes=\"(max-width: 300px) 100vw, 300px\" \/><\/a><\/p>\n<p>&nbsp;<\/p>\n<p>Francky et son \u00e9pouse, Richard, et d\u2019autres fr\u00e8res se sont engag\u00e9s dans cette aventure !<br \/>\nQue de bons moments de partage fraternels, et quelle joie le Seigneur nous donne !<\/p>\n<div style=\"color: #111111;\"><b>D\u00e9l\u00e9gu\u00e9\u00a0<a class=\"texte01\" style=\"color: #0065ad;\" href=\"http:\/\/www.connaitredieu.com\/\">ConnaitreDieu.com<\/a>\u00a0de l\u2019Eglise BETHEL DU VAR<\/b><\/div>\n<div style=\"color: #111111;\"><b>\u00a0<\/b><\/div>\n<div style=\"color: #111111;\"><b>Pasteur \u00a0Francky Febvay\u00a0<\/b><\/div>\n<div style=\"color: #111111;\"><span style=\"color: #009900; font-size: large;\">EPE &amp; CCFBBV<\/span><\/div>\n<div style=\"color: #111111;\"><span style=\"color: #009900; font-size: large;\">EGLISE BETHEL DU VAR<\/span><\/div>\n<div style=\"color: #111111;\">Eph 3:21\u00a0: \u00e0 Lui soit la gloire dans l\u2019Eglise et en J\u00e9sus-Christ.<\/div>\n","protected":false},"excerpt":{"rendered":"<p>Bonjour, En partenariat avec ConnaitreDieu.com, l\u2019Eglise Bethel du Var \u00a0a organis\u00e9 une distribution de lettres d\u2019invitation \u00e0 l\u2019Eglise du 29 Avril 2014 au 11 Mai 2014 pour la population de La Farl\u00e8de dans le Var. L\u2019\u00e9v\u00e8nement a \u00e9t\u00e9 publi\u00e9 dans &hellip; <a href=\"https:\/\/eglisebethelduvar.fr\/?page_id=84\">Continuer la lecture <span class=\"meta-nav\">&rarr;<\/span><\/a><\/p>\n","protected":false},"author":1,"featured_media":0,"parent":0,"menu_order":0,"comment_status":"closed","ping_status":"closed","template":"onecolumn-page.php","meta":[],"_links":{"self":[{"href":"https:\/\/eglisebethelduvar.fr\/index.php?rest_route=\/wp\/v2\/pages\/84"}],"collection":[{"href":"https:\/\/eglisebethelduvar.fr\/index.php?rest_route=\/wp\/v2\/pages"}],"about":[{"href":"https:\/\/eglisebethelduvar.fr\/index.php?rest_route=\/wp\/v2\/types\/page"}],"author":[{"embeddable":true,"href":"https:\/\/eglisebethelduvar.fr\/index.php?rest_route=\/wp\/v2\/users\/1"}],"replies":[{"embeddable":true,"href":"https:\/\/eglisebethelduvar.fr\/index.php?rest_route=%2Fwp%2Fv2%2Fcomments&post=84"}],"version-history":[{"count":3,"href":"https:\/\/eglisebethelduvar.fr\/index.php?rest_route=\/wp\/v2\/pages\/84\/revisions"}],"predecessor-version":[{"id":134,"href":"https:\/\/eglisebethelduvar.fr\/index.php?rest_route=\/wp\/v2\/pages\/84\/revisions\/134"}],"wp:attachment":[{"href":"https:\/\/eglisebethelduvar.fr\/index.php?rest_route=%2Fwp%2Fv2%2Fmedia&parent=84"}],"curies":[{"name":"wp","href":"https:\/\/api.w.org\/{rel}","templated":true}]}}